{"id":195,"date":"2019-04-03T21:06:06","date_gmt":"2019-04-03T19:06:06","guid":{"rendered":"https:\/\/bialenia2.stempel.org.pl\/?page_id=195"},"modified":"2019-05-06T09:36:31","modified_gmt":"2019-05-06T07:36:31","slug":"stopnie-wojskowe","status":"publish","type":"page","link":"https:\/\/bialenia2.stempel.org.pl\/?page_id=195","title":{"rendered":"Stopnie wojskowe"},"content":{"rendered":"\n<p class=\"nag0\">Stopnie wojskowe<\/p>\n\n\n\n<p style=\"text-align:center\" class=\"has-small-font-size\"><em>Stopnie wojskowe zosta\u0142y wprowadzone na mocy ustawy o Si\u0142ach Zbrojnych Republiki Biale\u0144skiej i s\u0142u\u017cbie wojskowej.<\/em><\/p>\n\n\n\n<p><strong>W Si\u0142ach Zbrojnych Republiki Biale\u0144skiej funkcjonuj\u0105 nast\u0119puj\u0105ce stopnie marsza\u0142k\u00f3w:<\/strong><br>1) Marsza\u0142ek<br>2) Marsza\u0142ek Wielki<\/p>\n\n\n\n<p><strong>W Wojskach L\u0105dowych i Si\u0142ach Powietrznych Republiki Biale\u0144skiej funkcjonuj\u0105 nast\u0119puj\u0105ce stopnie wojskowe:<\/strong><br><br><em><strong>&#8211; Szeregowi &#8211;<\/strong><\/em><br>1)&nbsp; Szeregowy<br>2)&nbsp; Starszy szeregowy<br>3)&nbsp; Specjalista<br><em><strong>&#8211; Podoficerowie &#8211;<\/strong><\/em><br>4) Kapral<br>5) Starszy kapral<br>6) Sier\u017cant<br>7) Starszy sier\u017cant<br>8) Sier\u017cant sztabowy<br>9) Starszy sier\u017cant sztabowy<br><em><strong>&#8211; Oficerowie &#8211;<\/strong><\/em><br>10)&nbsp; Podporucznik<br>11) Porucznik<br>12) Kapitan<br>13) Major<br>14) Podpu\u0142kownik<br>15) Pu\u0142kownik <br><em><strong>&#8211; Genera\u0142owie &#8211;<\/strong><\/em><br>16) Genera\u0142 brygady<br>17) Genera\u0142 dywizji<br>18) Genera\u0142 broni <\/p>\n\n\n\n<div class=\"wp-block-image\"><figure class=\"aligncenter\"><img decoding=\"async\" loading=\"lazy\" width=\"877\" height=\"849\" src=\"https:\/\/bialenia2.stempel.org.pl\/wp-content\/uploads\/2019\/04\/Stonpnie-wojskowe-WL-i-SP.png\" alt=\"\" class=\"wp-image-337\" srcset=\"https:\/\/bialenia2.stempel.org.pl\/wp-content\/uploads\/2019\/04\/Stonpnie-wojskowe-WL-i-SP.png 877w, https:\/\/bialenia2.stempel.org.pl\/wp-content\/uploads\/2019\/04\/Stonpnie-wojskowe-WL-i-SP-300x290.png 300w, https:\/\/bialenia2.stempel.org.pl\/wp-content\/uploads\/2019\/04\/Stonpnie-wojskowe-WL-i-SP-768x743.png 768w\" sizes=\"(max-width: 877px) 100vw, 877px\" \/><figcaption>Stopnie wojskowe Wojsk L\u0105dowych i Si\u0142 Powietrznych oraz stopnie Marsza\u0142k\u00f3w.<\/figcaption><\/figure><\/div>\n\n\n\n<p><strong>W Marynarce Wojennej Republiki Biale\u0144skiej funkcjonuj\u0105 nast\u0119puj\u0105ce stopnie wojskowe:<br><\/strong><br><em><strong>&#8211; Marynarze &#8211;<\/strong><\/em><br> 1) Marynarz<br> 2) Starszy marynarz<br> 3) Specjalista<br><em><strong>&#8211; Podoficerowie &#8211;<\/strong><\/em><br>4) Mat<br>5) Starszy mat<br>6) Bosman<br>7) Starszy bosman<br>8) Bosman sztabowy<br>9) Starszy bosman sztabowy<br><em><strong>&#8211; Oficerowie &#8211;<\/strong><\/em><br>10) Podporucznik<br>11) Porucznik<br>12) Kapitan<br>13) Komandor podporucznik<br>14) Komandor porucznik<br>15) Komandor<br><em><strong>&#8211; Admira\u0142owie &#8211;<\/strong><\/em><br>16) Kontradmira\u0142<br>17) Wiceadmira\u0142<br>18) Admira\u0142<\/p>\n\n\n\n<div class=\"wp-block-image\"><figure class=\"aligncenter\"><img decoding=\"async\" loading=\"lazy\" width=\"941\" height=\"863\" src=\"https:\/\/bialenia2.stempel.org.pl\/wp-content\/uploads\/2019\/04\/Stopnie-wojskowe-MW.png\" alt=\"\" class=\"wp-image-338\" srcset=\"https:\/\/bialenia2.stempel.org.pl\/wp-content\/uploads\/2019\/04\/Stopnie-wojskowe-MW.png 941w, https:\/\/bialenia2.stempel.org.pl\/wp-content\/uploads\/2019\/04\/Stopnie-wojskowe-MW-300x275.png 300w, https:\/\/bialenia2.stempel.org.pl\/wp-content\/uploads\/2019\/04\/Stopnie-wojskowe-MW-768x704.png 768w\" sizes=\"(max-width: 941px) 100vw, 941px\" \/><figcaption>Stopnie wojskowe w Marynarce wojennej.<\/figcaption><\/figure><\/div>\n\n\n\n<p><strong>Wizerunki stopni wojskowych w SZ RB na r\u00f3\u017cnego typu umundurowaniu.<\/strong><\/p>\n\n\n\n<div class=\"wp-block-image\"><figure class=\"aligncenter\"><img decoding=\"async\" loading=\"lazy\" width=\"1024\" height=\"1013\" src=\"https:\/\/bialenia2.stempel.org.pl\/wp-content\/uploads\/2019\/04\/Stopnie-1-1024x1013.png\" alt=\"\" class=\"wp-image-341\" srcset=\"https:\/\/bialenia2.stempel.org.pl\/wp-content\/uploads\/2019\/04\/Stopnie-1-1024x1013.png 1024w, https:\/\/bialenia2.stempel.org.pl\/wp-content\/uploads\/2019\/04\/Stopnie-1-300x297.png 300w, https:\/\/bialenia2.stempel.org.pl\/wp-content\/uploads\/2019\/04\/Stopnie-1-768x760.png 768w, https:\/\/bialenia2.stempel.org.pl\/wp-content\/uploads\/2019\/04\/Stopnie-1.png 1235w\" sizes=\"(max-width: 1024px) 100vw, 1024px\" \/><figcaption>Wojska L\u0105dowe i Si\u0142y Powietrzne:<br>1) Szeregowy Si\u0142 Powietrznych &#8211; 11 ELT (naramiennik munduru polowego).<br>2) St. szeregowy Wojsk L\u0105dowych (oznaczenie na r\u0119kawie).<br>3) Specjalista &#8211; WL czo\u0142gista (oznaczenie na r\u0119kawie).<br>4) Kapral Si\u0142 Powietrznych (oznaczenie na r\u0119kawie). <br>5) St. kapral Wojsk L\u0105dowych (oznaczenie na r\u0119kawie). <br>6) Sier\u017cant Wojsk L\u0105dowych (naramiennik munduru polowego). <br>7) St. sier\u017cant Wojsk L\u0105dowych (oznaczenie na r\u0119kawie).<br>8) Sier\u017cant szt. &#8211; Lotnictwo Wojsk L\u0105dowych (oznaczenie na r\u0119kawie).<br>9) St. sier\u017cant szt. &#8211; \u017bandarmeria (oznaczenie na r\u0119kawie). <br>10) Podporucznik Wojsk L\u0105dowych (naramiennik munduru polowego).<br>11) Porucznik Wojsk L\u0105dowych (naramiennik munduru polowego).  <br>12) Kapitan Si\u0142 Powietrznych (naramiennik munduru polowego).<br>13) Major Wojsk L\u0105dowych (naramiennik munduru polowego).    <br>14) Podpu\u0142kownik Wojsk L\u0105dowych (naramiennik munduru polowego).<br>15) Pu\u0142kownik Wojsk L\u0105dowych (naramiennik munduru polowego). <\/figcaption><\/figure><\/div>\n\n\n\n<div class=\"wp-block-image\"><figure class=\"aligncenter\"><img decoding=\"async\" loading=\"lazy\" width=\"1024\" height=\"1024\" src=\"https:\/\/bialenia2.stempel.org.pl\/wp-content\/uploads\/2019\/04\/Stopnie-2-1024x1024.png\" alt=\"\" class=\"wp-image-344\" srcset=\"https:\/\/bialenia2.stempel.org.pl\/wp-content\/uploads\/2019\/04\/Stopnie-2-1024x1024.png 1024w, https:\/\/bialenia2.stempel.org.pl\/wp-content\/uploads\/2019\/04\/Stopnie-2-150x150.png 150w, https:\/\/bialenia2.stempel.org.pl\/wp-content\/uploads\/2019\/04\/Stopnie-2-300x300.png 300w, https:\/\/bialenia2.stempel.org.pl\/wp-content\/uploads\/2019\/04\/Stopnie-2-768x768.png 768w, https:\/\/bialenia2.stempel.org.pl\/wp-content\/uploads\/2019\/04\/Stopnie-2.png 1287w\" sizes=\"(max-width: 1024px) 100vw, 1024px\" \/><figcaption>Marynarka Wojenna i Lotnictwo Morskie:<br>1) Marynarz ORB Vahalla (naramiennik munduru pok\u0142adowego).<br>2) St. marynarz (oznaczenie na r\u0119kawie). <br>3) Specjalista &#8211; Okr\u0119ty podwodne (oznaczenie na r\u0119kawie). <br>4) Mat (oznaczenie na r\u0119kawie).  <br>5) St. mat (oznaczenie na r\u0119kawie).  <br>6) Bosman &#8211; lotnictwo morskie 1 GLMW (naramiennik munduru pok\u0142adowego). <br>7) St. bosman  &#8211; lotnictwo morskie (oznaczenie na r\u0119kawie).  <br>8) Bosman szt. (oznaczenie na r\u0119kawie).  <br>9) St. bosman szt. (oznaczenie na r\u0119kawie).  <br>10) Podporucznik (naramiennik munduru polowego).<br>11) Porucznik (oznaczenie na r\u0119kawie marynarki).<br>12) Kapitan (oznaczenie na r\u0119kawie marynarki).<br>13) Komandor podporucznik (oznaczenie na r\u0119kawie marynarki).<br>14) Komandor porucznik (oznaczenie na r\u0119kawie marynarki).<br>15) Komandor (oznaczenie na r\u0119kawie marynarki).    <\/figcaption><\/figure><\/div>\n\n\n\n<div class=\"wp-block-image\"><figure class=\"aligncenter\"><img decoding=\"async\" loading=\"lazy\" width=\"1024\" height=\"813\" src=\"https:\/\/bialenia2.stempel.org.pl\/wp-content\/uploads\/2019\/04\/Stopnie-3-1024x813.png\" alt=\"\" class=\"wp-image-349\" srcset=\"https:\/\/bialenia2.stempel.org.pl\/wp-content\/uploads\/2019\/04\/Stopnie-3-1024x813.png 1024w, https:\/\/bialenia2.stempel.org.pl\/wp-content\/uploads\/2019\/04\/Stopnie-3-300x238.png 300w, https:\/\/bialenia2.stempel.org.pl\/wp-content\/uploads\/2019\/04\/Stopnie-3-768x610.png 768w, https:\/\/bialenia2.stempel.org.pl\/wp-content\/uploads\/2019\/04\/Stopnie-3.png 1092w\" sizes=\"(max-width: 1024px) 100vw, 1024px\" \/><figcaption>Generalicja:<br>1) Genera\u0142 brygady &#8211; Si\u0142y Powietrzne (naramiennik munduru wyj\u015bciowego).<br>2) Genera\u0142 dywizji &#8211; Wojska L\u0105dowe (naramiennik munduru wyj\u015bciowego). <br>3) Genera\u0142 broni &#8211; Wojska L\u0105dowe (naramiennik munduru polowego).<br>4) Kontradmira\u0142 &#8211; Marynarka Wojenna (r\u0119kaw czarnej marynarki).<br>5) Wiceadmira\u0142 &#8211; Marynarka Wojenna (naramiennik bluza granatowa).<br>6) Admira\u0142 &#8211; Marynarka Wojenna (naramiennik bia\u0142ej bluzy mundurowej).<br>7) Marsza\u0142ek Bialenii (naramiennik munduru polowego).<br>8) Marsza\u0142ek Wielki (naramiennik munduru wyj\u015bciowego)  <\/figcaption><\/figure><\/div>\n","protected":false},"excerpt":{"rendered":"<p>Stopnie wojskowe Stopnie wojskowe zosta\u0142y wprowadzone na mocy ustawy o Si\u0142ach Zbrojnych Republiki Biale\u0144skiej i s\u0142u\u017cbie wojskowej. W Si\u0142ach Zbrojnych Republiki Biale\u0144skiej funkcjonuj\u0105 nast\u0119puj\u0105ce stopnie marsza\u0142k\u00f3w:1) Marsza\u0142ek2) Marsza\u0142ek Wielki W Wojskach L\u0105dowych i Si\u0142ach Powietrznych Republiki Biale\u0144skiej funkcjonuj\u0105 nast\u0119puj\u0105ce stopnie <a class=\"more-link\" href=\"https:\/\/bialenia2.stempel.org.pl\/?page_id=195\">Czytaj dalej  <span class=\"screen-reader-text\">  Stopnie wojskowe<\/span><span class=\"meta-nav\">&rarr;<\/span><\/a><\/p>\n","protected":false},"author":2,"featured_media":0,"parent":38,"menu_order":4,"comment_status":"closed","ping_status":"closed","template":"","meta":{"footnotes":""},"uagb_featured_image_src":{"full":false,"thumbnail":false,"medium":false,"medium_large":false,"large":false,"1536x1536":false,"2048x2048":false,"featured-slider-larger":false,"featured-slider":false},"uagb_author_info":{"display_name":"Ronon","author_link":"https:\/\/bialenia2.stempel.org.pl\/?author=2"},"uagb_comment_info":0,"uagb_excerpt":"Stopnie wojskowe Stopnie wojskowe zosta\u0142y wprowadzone na mocy ustawy o Si\u0142ach Zbrojnych Republiki Biale\u0144skiej i s\u0142u\u017cbie wojskowej. W Si\u0142ach Zbrojnych Republiki Biale\u0144skiej funkcjonuj\u0105 nast\u0119puj\u0105ce stopnie marsza\u0142k\u00f3w:1) Marsza\u0142ek2) Marsza\u0142ek Wielki W Wojskach L\u0105dowych i Si\u0142ach Powietrznych Republiki Biale\u0144skiej funkcjonuj\u0105 nast\u0119puj\u0105ce stopnie Czytaj dalej Stopnie wojskowe&rarr;","_links":{"self":[{"href":"https:\/\/bialenia2.stempel.org.pl\/index.php?rest_route=\/wp\/v2\/pages\/195"}],"collection":[{"href":"https:\/\/bialenia2.stempel.org.pl\/index.php?rest_route=\/wp\/v2\/pages"}],"about":[{"href":"https:\/\/bialenia2.stempel.org.pl\/index.php?rest_route=\/wp\/v2\/types\/page"}],"author":[{"embeddable":true,"href":"https:\/\/bialenia2.stempel.org.pl\/index.php?rest_route=\/wp\/v2\/users\/2"}],"replies":[{"embeddable":true,"href":"https:\/\/bialenia2.stempel.org.pl\/index.php?rest_route=%2Fwp%2Fv2%2Fcomments&post=195"}],"version-history":[{"count":9,"href":"https:\/\/bialenia2.stempel.org.pl\/index.php?rest_route=\/wp\/v2\/pages\/195\/revisions"}],"predecessor-version":[{"id":4812,"href":"https:\/\/bialenia2.stempel.org.pl\/index.php?rest_route=\/wp\/v2\/pages\/195\/revisions\/4812"}],"up":[{"embeddable":true,"href":"https:\/\/bialenia2.stempel.org.pl\/index.php?rest_route=\/wp\/v2\/pages\/38"}],"wp:attachment":[{"href":"https:\/\/bialenia2.stempel.org.pl\/index.php?rest_route=%2Fwp%2Fv2%2Fmedia&parent=195"}],"curies":[{"name":"wp","href":"https:\/\/api.w.org\/{rel}","templated":true}]}}