{"id":1397,"date":"2019-04-13T11:46:54","date_gmt":"2019-04-13T09:46:54","guid":{"rendered":"https:\/\/bialenia2.stempel.org.pl\/?page_id=1397"},"modified":"2019-04-23T14:43:10","modified_gmt":"2019-04-23T12:43:10","slug":"102-esp","status":"publish","type":"page","link":"https:\/\/bialenia2.stempel.org.pl\/?page_id=1397","title":{"rendered":"102 ESP"},"content":{"rendered":"\n<p class=\"nag0\">102. Eskadra Specjalna (102 ESP)<br><br>= samoloty KC-3, KC-2, C-2L, C-1 oraz \u015bmig\u0142owce HC-5 =<\/p>\n\n\n\n<p class=\"nag2\">Eskadra pe\u0142ni zadania tankowania powietrznego oraz transportu specjalnego<br>i \u0142adunk\u00f3w specjalnych, podlega bezpo\u015brednio <\/p>\n\n\n\n<div class=\"wp-block-button aligncenter\"><a class=\"wp-block-button__link has-background has-blue-background-color\" href=\"https:\/\/bialenia2.stempel.org.pl\/?page_id=3034\">Dow\u00f3dztwu Si\u0142 Powietrznych Republiki Biale\u0144skiej<br><\/a><\/div>\n\n\n\n<div class=\"wp-block-image\"><figure class=\"aligncenter\"><img decoding=\"async\" loading=\"lazy\" width=\"831\" height=\"548\" src=\"https:\/\/bialenia2.stempel.org.pl\/wp-content\/uploads\/2019\/04\/SpecKC_etat.png\" alt=\"\" class=\"wp-image-1399\" srcset=\"https:\/\/bialenia2.stempel.org.pl\/wp-content\/uploads\/2019\/04\/SpecKC_etat.png 831w, https:\/\/bialenia2.stempel.org.pl\/wp-content\/uploads\/2019\/04\/SpecKC_etat-300x198.png 300w, https:\/\/bialenia2.stempel.org.pl\/wp-content\/uploads\/2019\/04\/SpecKC_etat-768x506.png 768w\" sizes=\"(max-width: 831px) 100vw, 831px\" \/><figcaption>Struktura organizacyjna 102 ESP<\/figcaption><\/figure><\/div>\n\n\n\n<ul><li><em>Dow\u00f3dztwo<\/em><\/li><li><em>Klucz dowodzenia<\/em><\/li><li><em>Klucz techniczny (2 rezerwowe F-2C)<\/em><\/li><li><em>Klucz logistyczny<\/em><\/li><li><em>Klucz samolot\u00f3w tankowania powietrznego (2 samoloty KC-3)<\/em><\/li><li><em>Klucz samolot\u00f3w tankowania powietrznego (4 samoloty KC-2)<\/em><\/li><li><em>Klucz transportu \u0142adunk\u00f3w specjalnych (2 samoloty C-2L)<\/em><\/li><li><em>Klucz transportu specjalnego (3 samoloty C-1)<\/em><\/li><li><em>Klucz transportu specjalnego (4 \u015bmig\u0142ow<\/em>c<em>e HC-5) <\/em><\/li><\/ul>\n\n\n\n<p class=\"art\">Eskadra  jest w dwa samoloty tankowania powietrznego KC-3 (dawne VC-3,  przebudowane po zakupie samolot\u00f3w VC-5 i VC-6 dla 101 ESP), cztery  samoloty tankowania powietrznego KC-2 (odmiana samolotu transportowego  C-2A), dwa samoloty transportowe C-2L przeznaczone do transportu  \u0142adunk\u00f3w specjalnych. Ponadto eskadra dysponuje 3 lekkimi samolotami  transportowymi oraz 4 \u015bmig\u0142owcami transportowymi HC-5 z przeznaczeniem  do zabezpieczania dzia\u0142a\u0144 si\u0142 specjalnych. \u0141\u0105cznie eskadra ma 11  samolot\u00f3w i 4 \u015bmig\u0142owce. <\/p>\n\n\n\n<div class=\"wp-block-image\"><figure class=\"aligncenter\"><img decoding=\"async\" loading=\"lazy\" width=\"800\" height=\"420\" src=\"https:\/\/bialenia2.stempel.org.pl\/wp-content\/uploads\/2019\/04\/KC3.jpg\" alt=\"\" class=\"wp-image-1403\" srcset=\"https:\/\/bialenia2.stempel.org.pl\/wp-content\/uploads\/2019\/04\/KC3.jpg 800w, https:\/\/bialenia2.stempel.org.pl\/wp-content\/uploads\/2019\/04\/KC3-300x158.jpg 300w, https:\/\/bialenia2.stempel.org.pl\/wp-content\/uploads\/2019\/04\/KC3-768x403.jpg 768w\" sizes=\"(max-width: 800px) 100vw, 800px\" \/><figcaption><em>Samolot tankowania powietrznego KC-3.<\/em> <\/figcaption><\/figure><\/div>\n\n\n\n<div class=\"wp-block-image\"><figure class=\"aligncenter\"><img decoding=\"async\" loading=\"lazy\" width=\"800\" height=\"410\" src=\"https:\/\/bialenia2.stempel.org.pl\/wp-content\/uploads\/2019\/04\/KC2.jpg\" alt=\"\" class=\"wp-image-1404\" srcset=\"https:\/\/bialenia2.stempel.org.pl\/wp-content\/uploads\/2019\/04\/KC2.jpg 800w, https:\/\/bialenia2.stempel.org.pl\/wp-content\/uploads\/2019\/04\/KC2-300x154.jpg 300w, https:\/\/bialenia2.stempel.org.pl\/wp-content\/uploads\/2019\/04\/KC2-768x394.jpg 768w\" sizes=\"(max-width: 800px) 100vw, 800px\" \/><figcaption><em>Samolot tankowania powietrznego KC-2.<\/em> <\/figcaption><\/figure><\/div>\n\n\n\n<div class=\"wp-block-image\"><figure class=\"aligncenter\"><img decoding=\"async\" loading=\"lazy\" width=\"800\" height=\"377\" src=\"https:\/\/bialenia2.stempel.org.pl\/wp-content\/uploads\/2019\/04\/C2L-1.jpg\" alt=\"\" class=\"wp-image-1405\" srcset=\"https:\/\/bialenia2.stempel.org.pl\/wp-content\/uploads\/2019\/04\/C2L-1.jpg 800w, https:\/\/bialenia2.stempel.org.pl\/wp-content\/uploads\/2019\/04\/C2L-1-300x141.jpg 300w, https:\/\/bialenia2.stempel.org.pl\/wp-content\/uploads\/2019\/04\/C2L-1-768x362.jpg 768w\" sizes=\"(max-width: 800px) 100vw, 800px\" \/><figcaption><em>Samolot transportowy C-2L.<\/em> <\/figcaption><\/figure><\/div>\n\n\n\n<div class=\"wp-block-image\"><figure class=\"aligncenter\"><img decoding=\"async\" loading=\"lazy\" width=\"800\" height=\"474\" src=\"https:\/\/bialenia2.stempel.org.pl\/wp-content\/uploads\/2019\/04\/C1_spec.jpg\" alt=\"\" class=\"wp-image-1407\" srcset=\"https:\/\/bialenia2.stempel.org.pl\/wp-content\/uploads\/2019\/04\/C1_spec.jpg 800w, https:\/\/bialenia2.stempel.org.pl\/wp-content\/uploads\/2019\/04\/C1_spec-300x178.jpg 300w, https:\/\/bialenia2.stempel.org.pl\/wp-content\/uploads\/2019\/04\/C1_spec-768x455.jpg 768w\" sizes=\"(max-width: 800px) 100vw, 800px\" \/><figcaption><em>Samolot transportowy C-1.<\/em> <\/figcaption><\/figure><\/div>\n\n\n\n<div class=\"wp-block-image\"><figure class=\"aligncenter\"><img decoding=\"async\" loading=\"lazy\" width=\"800\" height=\"370\" src=\"https:\/\/bialenia2.stempel.org.pl\/wp-content\/uploads\/2019\/04\/HC5_spec.jpg\" alt=\"\" class=\"wp-image-1408\" srcset=\"https:\/\/bialenia2.stempel.org.pl\/wp-content\/uploads\/2019\/04\/HC5_spec.jpg 800w, https:\/\/bialenia2.stempel.org.pl\/wp-content\/uploads\/2019\/04\/HC5_spec-300x139.jpg 300w, https:\/\/bialenia2.stempel.org.pl\/wp-content\/uploads\/2019\/04\/HC5_spec-768x355.jpg 768w\" sizes=\"(max-width: 800px) 100vw, 800px\" \/><figcaption><em>\u015amig\u0142owiec transportowy HC-5.<\/em> <\/figcaption><\/figure><\/div>\n\n\n\n<p class=\"nag2\">102 Eskadra Specjalna obecnie stacjonuje w <\/p>\n\n\n\n<div class=\"wp-block-button aligncenter\"><a class=\"wp-block-button__link has-background has-blue-background-color\" href=\"https:\/\/bialenia2.stempel.org.pl\/?page_id=1469\"> <strong>3 Bazie Si\u0142 Powietrznych  Republiki Biale\u0144skiej <\/strong><\/a><\/div>\n","protected":false},"excerpt":{"rendered":"<p>102. Eskadra Specjalna (102 ESP) = samoloty KC-3, KC-2, C-2L, C-1 oraz \u015bmig\u0142owce HC-5 = Eskadra pe\u0142ni zadania tankowania powietrznego oraz transportu specjalnegoi \u0142adunk\u00f3w specjalnych, podlega bezpo\u015brednio Dow\u00f3dztwo Klucz dowodzenia Klucz techniczny (2 rezerwowe F-2C) Klucz logistyczny Klucz samolot\u00f3w tankowania <a class=\"more-link\" href=\"https:\/\/bialenia2.stempel.org.pl\/?page_id=1397\">Czytaj dalej  <span class=\"screen-reader-text\">  102 ESP<\/span><span class=\"meta-nav\">&rarr;<\/span><\/a><\/p>\n","protected":false},"author":2,"featured_media":0,"parent":0,"menu_order":0,"comment_status":"closed","ping_status":"closed","template":"","meta":{"footnotes":""},"uagb_featured_image_src":{"full":false,"thumbnail":false,"medium":false,"medium_large":false,"large":false,"1536x1536":false,"2048x2048":false,"featured-slider-larger":false,"featured-slider":false},"uagb_author_info":{"display_name":"Ronon","author_link":"https:\/\/bialenia2.stempel.org.pl\/?author=2"},"uagb_comment_info":0,"uagb_excerpt":"102. Eskadra Specjalna (102 ESP) = samoloty KC-3, KC-2, C-2L, C-1 oraz \u015bmig\u0142owce HC-5 = Eskadra pe\u0142ni zadania tankowania powietrznego oraz transportu specjalnegoi \u0142adunk\u00f3w specjalnych, podlega bezpo\u015brednio Dow\u00f3dztwo Klucz dowodzenia Klucz techniczny (2 rezerwowe F-2C) Klucz logistyczny Klucz samolot\u00f3w tankowania Czytaj dalej 102 ESP&rarr;","_links":{"self":[{"href":"https:\/\/bialenia2.stempel.org.pl\/index.php?rest_route=\/wp\/v2\/pages\/1397"}],"collection":[{"href":"https:\/\/bialenia2.stempel.org.pl\/index.php?rest_route=\/wp\/v2\/pages"}],"about":[{"href":"https:\/\/bialenia2.stempel.org.pl\/index.php?rest_route=\/wp\/v2\/types\/page"}],"author":[{"embeddable":true,"href":"https:\/\/bialenia2.stempel.org.pl\/index.php?rest_route=\/wp\/v2\/users\/2"}],"replies":[{"embeddable":true,"href":"https:\/\/bialenia2.stempel.org.pl\/index.php?rest_route=%2Fwp%2Fv2%2Fcomments&post=1397"}],"version-history":[{"count":6,"href":"https:\/\/bialenia2.stempel.org.pl\/index.php?rest_route=\/wp\/v2\/pages\/1397\/revisions"}],"predecessor-version":[{"id":3930,"href":"https:\/\/bialenia2.stempel.org.pl\/index.php?rest_route=\/wp\/v2\/pages\/1397\/revisions\/3930"}],"wp:attachment":[{"href":"https:\/\/bialenia2.stempel.org.pl\/index.php?rest_route=%2Fwp%2Fv2%2Fmedia&parent=1397"}],"curies":[{"name":"wp","href":"https:\/\/api.w.org\/{rel}","templated":true}]}}